{"id":5782,"date":"2016-12-12T09:49:42","date_gmt":"2017-10-02T14:18:16","guid":{"rendered":"http:\/\/test4remarkable.nl\/product\/niet-gecategoriseerd\/profiline-tandem-pumptank\/"},"modified":"2020-06-18T10:21:29","modified_gmt":"2020-06-18T08:21:29","slug":"profiline-tandem-pumptank","status":"publish","type":"product","link":"https:\/\/www.veenhuis.com\/de\/product\/produkte-veenhuis-machines\/gulle-transportieren\/profiline-gullefasser\/profiline-tandem-pumptank\/","title":{"rendered":"PROFI LINE Tandem Pumptank Leistungsstarke Schneckenpumpen"},"content":{"rendered":"","protected":false},"excerpt":{"rendered":"<p>Mit einem Profiline G\u00fcllefass sind Kompromisse \u00fcberfl\u00fcssig, da es serienm\u00e4\u00dfig als vollwertiges G\u00fcllefass konzipiert ist, das auch mit schwereren Schlitzger\u00e4ten, Grubbern, Schleppschuh-, oder Schleppschlauch Gest\u00e4ngen verwendet werden kann. Diese Maschine reflektiert 30 Jahre Erfahrung im Bereich Applikationsf\u00e4sser. Die Tandem und Tridem Varianten der Profiline G\u00fcllef\u00e4ssern sind serienm\u00e4\u00dfig mit einem hydraulisch gefederten Fahrwerk ausgestattet. Um die Qualit\u00e4t unserer Produkte zu unterstreichen, werden diese F\u00e4sser serienm\u00e4\u00dfig metallisiert, gelb lackiert und mit Klarlack versehen. Dadurch erh\u00e4lt die Maschine die professionelle Optik, die sie verdient. Um mit minimalem Bodendruck arbeiten zu k\u00f6nnen, sind diese F\u00e4sser serienm\u00e4\u00dfig mit 800\/60 R32-Reifen ausgestattet. Profiline G\u00fcllef\u00e4sser bieten Sicherheit. Bei \u00c4nderungen in Ihrer Betriebsf\u00fchrung k\u00f6nnen viele Optionen auch nachtr\u00e4glich aufgebaut oder angepasst werden, da dies im Design ber\u00fccksichtigt wurde. Maximale Leistung zu attraktiven Preisen!<\/p>\n<p>&nbsp;<\/p>\n<p>Die Profiline G\u00fcllef\u00e4sser mit Schneckenpumpe sind in 3 Pumpenvarianten von 4.000 l\/min bis 7.800 l\/min erh\u00e4ltlich. Damit deckt das Segment Profiline den Markt ab, auf dem Nachfrage nach dieser Verdr\u00e4ngungstechnologie besteht. Exzenterschneckenpumpen zeichnen sich durch ihre hohe und konstante Saugleistung aus. Die Kombination aus Schnecke und Stator erzeugt eine gro\u00dfe Kontaktfl\u00e4che, sodass aus einer gr\u00f6\u00dferen Tiefe gesaugt werden kann. Optional kann ein Schneidfilter gew\u00e4hlt werden. Ein Schneidfilter sch\u00fctzt die Pumpe und schneidet gr\u00f6\u00dfere Teile w\u00e4hrend der Bef\u00fcllung in eine pumpf\u00e4hige Gr\u00f6\u00dfe.<\/p>\n<p><a href=\"https:\/\/veenhuis.com\/de\/unternehmen\/unser-team\/\"><strong>Kontaktieren Sie unsere Salesmanagers:<\/strong><\/a><\/p>\n<p><a href=\"\/de\/kontakt\/\"><img loading=\"lazy\" decoding=\"async\" width=\"576\" height=\"40\" class=\"alignnone size-full wp-image-7308\" src=\"https:\/\/www.veenhuis.com\/wp-content\/uploads\/2017\/10\/contact-button-oranje-DE-1.jpg\" alt=\"\" srcset=\"https:\/\/www.veenhuis.com\/wp-content\/uploads\/2017\/10\/contact-button-oranje-DE-1.jpg 576w, https:\/\/www.veenhuis.com\/wp-content\/uploads\/2017\/10\/contact-button-oranje-DE-1-300x21.jpg 300w\" sizes=\"auto, (max-width: 576px) 100vw, 576px\" \/><\/a><\/p>\n<p>[vc_row][vc_column][vc_accordion active_tab=&#8220;&#8220;][vc_accordion_tab title=&#8220;Laden Sie hier die Produktbrosch\u00fcre herunter&#8220; title_color=&#8220;#ffffff&#8220; title_bg_color=&#8220;#f9b122&#8243; content_text_color=&#8220;#5e5e5d&#8220; active_title_color=&#8220;#ffffff&#8220; active_bg_color=&#8220;#5e5e5d&#8220;][vc_column_text]<\/p>\n<div class=\"wpcf7 no-js\" id=\"wpcf7-f5971-o1\" lang=\"nl-NL\" dir=\"ltr\" data-wpcf7-id=\"5971\">\n<div class=\"screen-reader-response\">\n<p role=\"status\" aria-live=\"polite\" aria-atomic=\"true\">\n<ul><\/ul>\n<\/div>\n<form action=\"\/de\/wp-json\/wp\/v2\/product\/5782#wpcf7-f5971-o1\" method=\"post\" class=\"wpcf7-form init\" aria-label=\"Contactformulier\" novalidate=\"novalidate\" data-status=\"init\">\n<fieldset class=\"hidden-fields-container\">\n<input type=\"hidden\" name=\"_wpcf7\" value=\"5971\"><input type=\"hidden\" name=\"_wpcf7_version\" value=\"6.1.5\"><input type=\"hidden\" name=\"_wpcf7_locale\" value=\"nl_NL\"><input type=\"hidden\" name=\"_wpcf7_unit_tag\" value=\"wpcf7-f5971-o1\"><input type=\"hidden\" name=\"_wpcf7_container_post\" value=\"0\"><input type=\"hidden\" name=\"_wpcf7_posted_data_hash\" value=\"\"><input type=\"hidden\" name=\"_wpcf7_recaptcha_response\" value=\"\"><br \/>\n<\/fieldset>\n<h3>\n<strong>Geben Sie Ihre Daten ein und laden Sie die Brosch&uuml;re direkt herunter<\/strong><br \/>\n<\/h3>\n<p><label> <span class=\"wpcf7-form-control-wrap\" data-name=\"your-naam\"><input size=\"40\" maxlength=\"400\" class=\"wpcf7-form-control wpcf7-text wpcf7-validates-as-required\" aria-required=\"true\" aria-invalid=\"false\" placeholder=\"Name\" value=\"\" type=\"text\" name=\"your-naam\"><\/span> <\/label><br \/>\n<label> <span class=\"wpcf7-form-control-wrap\" data-name=\"your-bnaam\"><input size=\"40\" maxlength=\"400\" class=\"wpcf7-form-control wpcf7-text wpcf7-validates-as-required\" aria-required=\"true\" aria-invalid=\"false\" placeholder=\"Firmenname\" value=\"\" type=\"text\" name=\"your-bnaam\"><\/span> <\/label><br \/>\n<label> <span class=\"wpcf7-form-control-wrap\" data-name=\"your-tel\"><input size=\"40\" maxlength=\"400\" class=\"wpcf7-form-control wpcf7-text wpcf7-validates-as-required\" aria-required=\"true\" aria-invalid=\"false\" placeholder=\"Telefonnummer\" value=\"\" type=\"text\" name=\"your-tel\"><\/span> <\/label><br \/>\n<label> <span class=\"wpcf7-form-control-wrap\" data-name=\"your-email\"><input size=\"40\" maxlength=\"400\" class=\"wpcf7-form-control wpcf7-email wpcf7-validates-as-required wpcf7-text wpcf7-validates-as-email\" aria-required=\"true\" aria-invalid=\"false\" placeholder=\"E-mail\" value=\"\" type=\"email\" name=\"your-email\"><\/span> <\/label><br \/>\n<label> <span class=\"wpcf7-form-control-wrap\" data-name=\"your-prov\"><input size=\"40\" maxlength=\"400\" class=\"wpcf7-form-control wpcf7-text wpcf7-validates-as-required\" aria-required=\"true\" aria-invalid=\"false\" placeholder=\"Provinz\" value=\"\" type=\"text\" name=\"your-prov\"><\/span> <\/label><br \/>\n<label> <span class=\"wpcf7-form-control-wrap\" data-name=\"your-plaats\"><input size=\"40\" maxlength=\"400\" class=\"wpcf7-form-control wpcf7-text wpcf7-validates-as-required\" aria-required=\"true\" aria-invalid=\"false\" placeholder=\"Residenz\" value=\"\" type=\"text\" name=\"your-plaats\"><\/span> <\/label><br \/>\n<span class=\"wpcf7-form-control-wrap\" data-name=\"accept\"><span class=\"wpcf7-form-control wpcf7-checkbox wpcf7-validates-as-required\"><span class=\"wpcf7-list-item first last\"><label><input type=\"checkbox\" name=\"accept[]\" value=\"Ja, ich melde mich f&uuml;r den E-Newsletter von Veenhuis Machines an.\"><span class=\"wpcf7-list-item-label\">Ja, ich melde mich f&uuml;r den E-Newsletter von Veenhuis Machines an.<\/span><\/label><\/span><\/span><\/span>\n<\/p>\n<p><input class=\"wpcf7-form-control wpcf7-submit has-spinner\" type=\"submit\" value=\"SENDEN\">\n<\/p>\n<p>Lesen Sie unsere <a href=\"https:\/\/www.veenhuis.com\/privacystatement\/\" target=\"_blank\">Datenschutzrichtlinie<\/a>\n<\/p>\n<p style=\"display: none !important;\" class=\"akismet-fields-container\" data-prefix=\"_wpcf7_ak_\"><label>&Delta;<textarea name=\"_wpcf7_ak_hp_textarea\" cols=\"45\" rows=\"8\" maxlength=\"100\"><\/textarea><\/label><input type=\"hidden\" id=\"ak_js_1\" name=\"_wpcf7_ak_js\" value=\"232\"><script>document.getElementById( \"ak_js_1\" ).setAttribute( \"value\", ( new Date() ).getTime() );<\/script><\/p>\n<p><label class=\"ebd_input\"><input type=\"hidden\" name=\"ebd_downloads[]\" value=\"6007|Laden Sie hier die Ecoline\"> <\/label><input type=\"hidden\" class=\"ebd_setting\" name=\"ebd_settings[]\" value=\"title|Laden Sie hier die Ecoline, Basicline und Profiline Brosch&Atilde;&frac14;re\"><input type=\"hidden\" class=\"ebd_setting\" name=\"ebd_settings[]\" value=\"checked|no\"><input type=\"hidden\" class=\"ebd_setting\" name=\"ebd_settings[]\" value=\"radio|no\"><input type=\"hidden\" class=\"ebd_setting\" name=\"ebd_settings[]\" value=\"from_name| \"><input type=\"hidden\" class=\"ebd_setting\" name=\"ebd_settings[]\" value=\"file_thumbnail|no\"><input type=\"hidden\" class=\"ebd_setting\" name=\"ebd_settings[]\" value=\"item_id|22\"><input type=\"hidden\" class=\"ebd_setting\" name=\"ebd_settings[]\" value=\"form_id|wpcf7-f5971-o1\"><\/p>\n<div class=\"wpcf7-response-output\" aria-hidden=\"true\"><\/div>\n<\/form>\n<\/div>\n<p>[\/vc_column_text][\/vc_accordion_tab][\/vc_accordion][\/vc_column][\/vc_row]<\/p>\n","protected":false},"featured_media":4097,"comment_status":"closed","ping_status":"closed","template":"","meta":{"_exactmetrics_skip_tracking":false,"_exactmetrics_sitenote_active":false,"_exactmetrics_sitenote_note":"","_exactmetrics_sitenote_category":0},"product_brand":[],"product_cat":[130,98,145],"product_tag":[],"class_list":{"0":"post-5782","1":"product","2":"type-product","3":"status-publish","4":"has-post-thumbnail","6":"product_cat-gulle-transportieren","7":"product_cat-produkte-veenhuis-machines","8":"product_cat-profiline-gullefasser","10":"first","11":"instock","12":"shipping-taxable","13":"product-type-simple"},"_links":{"self":[{"href":"https:\/\/www.veenhuis.com\/de\/wp-json\/wp\/v2\/product\/5782","targetHints":{"allow":["GET"]}}],"collection":[{"href":"https:\/\/www.veenhuis.com\/de\/wp-json\/wp\/v2\/product"}],"about":[{"href":"https:\/\/www.veenhuis.com\/de\/wp-json\/wp\/v2\/types\/product"}],"replies":[{"embeddable":true,"href":"https:\/\/www.veenhuis.com\/de\/wp-json\/wp\/v2\/comments?post=5782"}],"wp:featuredmedia":[{"embeddable":true,"href":"https:\/\/www.veenhuis.com\/de\/wp-json\/wp\/v2\/media\/4097"}],"wp:attachment":[{"href":"https:\/\/www.veenhuis.com\/de\/wp-json\/wp\/v2\/media?parent=5782"}],"wp:term":[{"taxonomy":"product_brand","embeddable":true,"href":"https:\/\/www.veenhuis.com\/de\/wp-json\/wp\/v2\/product_brand?post=5782"},{"taxonomy":"product_cat","embeddable":true,"href":"https:\/\/www.veenhuis.com\/de\/wp-json\/wp\/v2\/product_cat?post=5782"},{"taxonomy":"product_tag","embeddable":true,"href":"https:\/\/www.veenhuis.com\/de\/wp-json\/wp\/v2\/product_tag?post=5782"}],"curies":[{"name":"wp","href":"https:\/\/api.w.org\/{rel}","templated":true}]}}