{"id":2628,"date":"2017-08-02T16:29:18","date_gmt":"2017-08-02T14:29:18","guid":{"rendered":"http:\/\/test4remarkable.nl\/produkte\/gulle-anwenden\/ackerland\/"},"modified":"2022-04-08T15:01:53","modified_gmt":"2022-04-08T13:01:53","slug":"ackerland","status":"publish","type":"page","link":"https:\/\/www.veenhuis.com\/de\/produkte\/gulle-anwenden\/ackerland\/","title":{"rendered":"<strong>Ackerland<\/STRONG> injektoren"},"content":{"rendered":"<div class=\"wpb-content-wrapper\"><p>[vc_row type=&#8220;full-width-section&#8220; css=&#8220;.vc_custom_1481019376901{margin-bottom: 0px !important;padding-top: 50px !important;padding-bottom: 35px !important;}&#8220;][vc_column][vc_custom_heading text=&#8220;<strong>Ackerland<\/strong> injektoren&#8220; font_container=&#8220;tag:h1|text_align:left|color:%233b4559&#8243; use_theme_fonts=&#8220;yes&#8220;][\/vc_column][\/vc_row][vc_row][vc_column][vc_column_text font_size=&#8220;18&#8243; line_height=&#8220;30&#8243;]Das Ackerlandinjektoren sortiment von Veenhuis besteht aus 4 Serien. Dies sind hochwertige G\u00fclleinjektoren f\u00fcr den professionellen Anwender, der Wert auf eine effiziente Ausbringung von G\u00fclle und eine gute Bodenvorbereitung legt. Die verschiedenen Versionen bieten f\u00fcr jeden eine passende L\u00f6sung. Die charakteristischen Merkmale dieser G\u00fclleverteiler sind die 60-mm-T\u00fcllen, die robusten Vibrationszinken und die solide Konstruktion.<\/p>\n<p>Der Terraject 200, 300, 400 und der Terraject Disc sind die verschiedenen Typen von Veenhuis Ackerlandinjektoren. Der Unterschied zwischen dem Terraject 200, 300 und 400 liegt in der Anzahl der Zinkenreihen und der Arbeitsbreite. Der Terraject Disc ist ein G\u00fclleinjektor mit einer Scheibenegge.<\/p>\n<p>Klicken Sie unten f\u00fcr weitere Informationen zu den einzelnen Injektoren.[\/vc_column_text][\/vc_column][\/vc_row][vc_row][vc_column width=&#8220;1\/2&#8243;][vc_custom_heading text=&#8220;Terraject 200\/300\/400 Injektoren&#8220; font_container=&#8220;tag:h1|font_size:24|text_align:left|color:%233b4559&#8243; use_theme_fonts=&#8220;yes&#8220; link=&#8220;url:https%3A%2F%2Fveenhuis.com%2Fde%2Fterraject-200-300-400-injektoren%2F&#8220;][vc_single_image image=&#8220;12244&#8243; img_size=&#8220;550&#215;400&#8243; style=&#8220;vc_box_shadow&#8220; onclick=&#8220;custom_link&#8220; hover_effect=&#8220;img_play_effect&#8220; animation=&#8220;rda_fadeIn&#8220; link=&#8220;https:\/\/veenhuis.com\/de\/terraject-200-300-400-injektoren\/&#8220;][\/vc_column][vc_column width=&#8220;1\/2&#8243;][vc_custom_heading text=&#8220;Terraject Disc Injektoren&#8220; font_container=&#8220;tag:h1|font_size:24|text_align:left|color:%233b4559&#8243; use_theme_fonts=&#8220;yes&#8220; link=&#8220;url:%20https%3A%2F%2Fveenhuis.com%2Fde%2Fterraject-disc-injektoren%2F&#8220;][vc_single_image image=&#8220;12248&#8243; img_size=&#8220;550&#215;400&#8243; style=&#8220;vc_box_shadow&#8220; onclick=&#8220;custom_link&#8220; hover_effect=&#8220;img_play_effect&#8220; animation=&#8220;rda_fadeIn&#8220; link=&#8220;https:\/\/veenhuis.com\/de\/terraject-disc-injektoren\/&#8220;][\/vc_column][\/vc_row][vc_row type=&#8220;full-width-section&#8220; css=&#8220;.vc_custom_1643899554554{margin-top: 0px !important;margin-bottom: 0px !important;padding-top: 50px !important;padding-bottom: 25px !important;background-color: #3b4559 !important;}&#8220;][vc_column width=&#8220;1\/3&#8243;][vc_custom_heading text=&#8220;Folgen Sie Veenhuis auf&#8220; font_container=&#8220;tag:h2|font_size:16|text_align:left|color:%23ffffff&#8220; use_theme_fonts=&#8220;yes&#8220;][vc_row_inner css=&#8220;.vc_custom_1480520858985{margin-top: 0px !important;}&#8220;][vc_column_inner width=&#8220;1\/4&#8243; css=&#8220;.vc_custom_1482150802544{margin-bottom: 10px !important;}&#8220;][vc_single_image image=&#8220;6597&#8243; img_size=&#8220;full&#8220; alignment=&#8220;center&#8220; onclick=&#8220;custom_link&#8220; img_link_target=&#8220;_blank&#8220; link=&#8220;https:\/\/www.facebook.com\/VeenhuisMachines\/?fref=ts&#8220;][\/vc_column_inner][vc_column_inner width=&#8220;1\/4&#8243; css=&#8220;.vc_custom_1482150808157{margin-bottom: 10px !important;}&#8220;][vc_single_image image=&#8220;6601&#8243; img_size=&#8220;full&#8220; alignment=&#8220;center&#8220; onclick=&#8220;custom_link&#8220; img_link_target=&#8220;_blank&#8220; link=&#8220;https:\/\/www.youtube.com\/user\/VMRVeenhuis&#8220;][\/vc_column_inner][vc_column_inner width=&#8220;1\/4&#8243; css=&#8220;.vc_custom_1482150814525{margin-bottom: 10px !important;}&#8220;][vc_single_image image=&#8220;6605&#8243; img_size=&#8220;full&#8220; alignment=&#8220;center&#8220; onclick=&#8220;custom_link&#8220; img_link_target=&#8220;_blank&#8220; link=&#8220;https:\/\/www.linkedin.com\/company\/6968519?trk=vsrp_companies_cluster_name&amp;trkInfo=VSRPsearchId%3A721065911480514740882%2CVSRPtargetId%3A6968519%2CVSRPcmpt%3Acompanies_cluster&#8220;][\/vc_column_inner][vc_column_inner width=&#8220;1\/4&#8243;][\/vc_column_inner][\/vc_row_inner][\/vc_column][vc_column width=&#8220;1\/3&#8243;][\/vc_column][vc_column width=&#8220;1\/3&#8243;][vc_single_image image=&#8220;12850&#8243; img_size=&#8220;full&#8220; alignment=&#8220;right&#8220; animation=&#8220;rda_fadeInDown&#8220; css=&#8220;.vc_custom_1643899582600{margin-bottom: 10px !important;}&#8220;][vc_custom_heading text=&#8220;Master your Manure&#8220; font_container=&#8220;tag:h2|font_size:32|text_align:center|color:%23ffffff&#8220; google_fonts=&#8220;font_family:Exo%3A100%2C100italic%2C200%2C200italic%2C300%2C300italic%2Cregular%2Citalic%2C500%2C500italic%2C600%2C600italic%2C700%2C700italic%2C800%2C800italic%2C900%2C900italic|font_style:300%20light%20regular%3A300%3Anormal&#8220;][\/vc_column][\/vc_row]<\/p>\n<\/div>","protected":false},"excerpt":{"rendered":"<p>[vc_row type=&#8220;full-width-section&#8220; css=&#8220;.vc_custom_1481019376901{margin-bottom: 0px !important;padding-top: 50px !important;padding-bottom: 35px !important;}&#8220;][vc_column][vc_custom_heading text=&#8220;Ackerland injektoren&#8220; font_container=&#8220;tag:h1|text_align:left|color:%233b4559&#8243; use_theme_fonts=&#8220;yes&#8220;][\/vc_column][\/vc_row][vc_row][vc_column][vc_column_text font_size=&#8220;18&#8243; line_height=&#8220;30&#8243;]Das Ackerlandinjektoren sortiment von Veenhuis besteht aus 4 Serien. Dies sind hochwertige G\u00fclleinjektoren f\u00fcr den professionellen Anwender, der Wert auf eine effiziente Ausbringung von G\u00fclle und eine gute Bodenvorbereitung legt. Die verschiedenen Versionen bieten f\u00fcr jeden eine passende L\u00f6sung. Die charakteristischen<br \/><a href=\"https:\/\/www.veenhuis.com\/de\/produkte\/gulle-anwenden\/ackerland\/\" class=\"more\">Read more<\/a><\/p>\n","protected":false},"author":1,"featured_media":0,"parent":2618,"menu_order":0,"comment_status":"closed","ping_status":"closed","template":"","meta":{"_exactmetrics_skip_tracking":false,"_exactmetrics_sitenote_active":false,"_exactmetrics_sitenote_note":"","_exactmetrics_sitenote_category":0,"footnotes":""},"class_list":["post-2628","page","type-page","status-publish","hentry"],"_links":{"self":[{"href":"https:\/\/www.veenhuis.com\/de\/wp-json\/wp\/v2\/pages\/2628","targetHints":{"allow":["GET"]}}],"collection":[{"href":"https:\/\/www.veenhuis.com\/de\/wp-json\/wp\/v2\/pages"}],"about":[{"href":"https:\/\/www.veenhuis.com\/de\/wp-json\/wp\/v2\/types\/page"}],"author":[{"embeddable":true,"href":"https:\/\/www.veenhuis.com\/de\/wp-json\/wp\/v2\/users\/1"}],"replies":[{"embeddable":true,"href":"https:\/\/www.veenhuis.com\/de\/wp-json\/wp\/v2\/comments?post=2628"}],"version-history":[{"count":21,"href":"https:\/\/www.veenhuis.com\/de\/wp-json\/wp\/v2\/pages\/2628\/revisions"}],"predecessor-version":[{"id":13468,"href":"https:\/\/www.veenhuis.com\/de\/wp-json\/wp\/v2\/pages\/2628\/revisions\/13468"}],"up":[{"embeddable":true,"href":"https:\/\/www.veenhuis.com\/de\/wp-json\/wp\/v2\/pages\/2618"}],"wp:attachment":[{"href":"https:\/\/www.veenhuis.com\/de\/wp-json\/wp\/v2\/media?parent=2628"}],"curies":[{"name":"wp","href":"https:\/\/api.w.org\/{rel}","templated":true}]}}