{"id":2626,"date":"2017-08-02T16:29:16","date_gmt":"2017-08-02T14:29:16","guid":{"rendered":"http:\/\/test4remarkable.nl\/produkte\/gulle-transportieren\/schlauchzufuhrsysteme\/"},"modified":"2024-10-18T15:33:48","modified_gmt":"2024-10-18T13:33:48","slug":"schlauchzufuhrsysteme","status":"publish","type":"page","link":"https:\/\/www.veenhuis.com\/de\/produkte\/gulle-verarbeiten\/schlauchzufuhrsysteme\/","title":{"rendered":"<strong>Veenhuis <\/STRONG> Arena"},"content":{"rendered":"<div class=\"wpb-content-wrapper\"><p>[vc_row type=&#8220;full-width-section&#8220; css=&#8220;.vc_custom_1481019376901{margin-bottom: 0px !important;padding-top: 50px !important;padding-bottom: 35px !important;}&#8220;][vc_column][vc_custom_heading text=&#8220;<strong>Veenhuis<\/strong> Zandkipper&#8220; font_container=&#8220;tag:h1|font_size:26|text_align:left|color:%233b4559&#8243; use_theme_fonts=&#8220;yes&#8220;][\/vc_column][\/vc_row][vc_row][vc_column][vc_column_text css=&#8220;&#8220; font_size=&#8220;18&#8243; line_height=&#8220;30&#8243;]<strong>Die Veenhuis Arena: die Kraft der Einfachheit<\/strong><\/p>\n<p>Der Veenhuis Arena ist f\u00fcr die anspruchsvollsten Bedingungen gebaut. Ob es sich um gro\u00dfe Mengen Sand, Kies oder andere Materialien handelt, der Veenhuis Arena bietet eine hohe Ladekapazit\u00e4t und Effizienz.<\/p>\n<p>Entdecken Sie die St\u00e4rke unserer Tandem-Konstruktion f\u00fcr optimale Handhabung und minimalen Reifenverschlei\u00df durch die praktische elektrische Ausrichtungsfunktion. Dank der Teleskopspurstange und den doppelten Lenkzylindern wird ein unerw\u00fcnschtes Lenkverhalten verhindert, sobald das Tandem pendelt.<\/p>\n<p>Die abgesenkte Deichsel sorgt f\u00fcr eine g\u00fcnstige Zuglinie und damit f\u00fcr eine einzigartig niedrige Anh\u00e4ngelast. Die durchdacht konstruierte Ladefl\u00e4che aus 6 mm Hardox-Stahl sorgt f\u00fcr Langlebigkeit und Effizienz beim Be- und Entladen.<\/p>\n<p>Der vergr\u00f6\u00dferte Lenkeinschlag sorgt f\u00fcr eine optimale Man\u00f6vrierf\u00e4higkeit. Die Kipper sind au\u00dferdem modular aufgebaut, so dass mehrere Fahrgestelle unter der Ladekiste montiert werden k\u00f6nnen.[\/vc_column_text][\/vc_column][\/vc_row][vc_row][vc_column width=&#8220;1\/2&#8243;][vc_single_image image=&#8220;14518&#8243; img_size=&#8220;large&#8220;][\/vc_column][vc_column width=&#8220;1\/2&#8243;][vc_single_image image=&#8220;14522&#8243; img_size=&#8220;large&#8220;][\/vc_column][\/vc_row][vc_row][vc_column][vc_column_text css=&#8220;&#8220; font_size=&#8220;18&#8243; line_height=&#8220;30&#8243;]Der Veenhuis Arena ist f\u00fcr die anspruchsvollsten Bedingungen gebaut. Das Torsionsrohr im Chassis sorgt f\u00fcr eine extrem hohe Torsionssteifigkeit. In Kombination mit den Quertr\u00e4gern macht dies jedes Gel\u00e4nde unter allen Bedingungen sicher und stabil befahrbar.<\/p>\n<p><strong>Merkmale<\/strong><\/p>\n<ul>\n<li>Optimale Ausrichtung und Fahrkomfort<\/li>\n<li>Geringer Wartungsaufwand<\/li>\n<li>Integrierter hydraulischer St\u00fctzfu\u00df<\/li>\n<li>Einzigartig niedrige Zugkraft<\/li>\n<li>Optimale Man\u00f6vrierf\u00e4higkeit durch reduzierten Wendekreis<\/li>\n<li>Maximale Leistung und optimale Nutzlast<\/li>\n<\/ul>\n<p>Seien Sie bereit f\u00fcr die Zukunft, mit den Veenhuis Arena.[\/vc_column_text][\/vc_column][\/vc_row][vc_row][vc_column width=&#8220;1\/2&#8243;][vc_single_image image=&#8220;14526&#8243; img_size=&#8220;large&#8220;][\/vc_column][vc_column width=&#8220;1\/2&#8243;][vc_single_image image=&#8220;14530&#8243; img_size=&#8220;large&#8220;][\/vc_column][\/vc_row][vc_row][vc_column][vc_column_text font_size=&#8220;18&#8243; line_height=&#8220;30&#8243;]F\u00fcr weitere Informationen wenden Sie sich bitte an unser Verkaufspersonal oder suchen Sie einen H\u00e4ndler in Ihrer N\u00e4he.[\/vc_column_text][\/vc_column][\/vc_row][vc_row][vc_column width=&#8220;1\/3&#8243;]<style type=\"text\/css\" >#b_yzwa3kuqk2zcqzskqwx1 a{color:#ffffff; background:#3b4559; margin-top:0px; margin-bottom:0px;  margin-left:0px; margin-right:0px; font-weight:900; border-radius:10px;}#b_yzwa3kuqk2zcqzskqwx1 a:hover{color:#ffffff ; background:#5e5e5d ;}<\/style><div class=\"ta_left tf_btn_pos\" id=\"b_yzwa3kuqk2zcqzskqwx1\" ><a class=\"rd_normal_bt medium_rd_bt  \" href=\"https:\/\/veenhuis.com\/de\/kontakt\/\" target=\"\" rel=\"noopener\">Kontaktieren Sie uns<\/a><\/div>[\/vc_column][vc_column width=&#8220;1\/3&#8243;]<style type=\"text\/css\" >#b_jby9kwr4ag1gb8p805xv a{color:#ffffff; background:#3b4559; margin-top:0px; margin-bottom:0px;  margin-left:0px; margin-right:0px; font-weight:900; border-radius:10px;}#b_jby9kwr4ag1gb8p805xv a:hover{color:#ffffff ; background:#5e5e5d ;}<\/style><div class=\"ta_left tf_btn_pos\" id=\"b_jby9kwr4ag1gb8p805xv\" ><a class=\"rd_normal_bt medium_rd_bt bt_icon_left   \" href=\"https:\/\/veenhuis.com\/de\/handler\/\" target=\"\" rel=\"noopener\"><i class=\"oi-designmodo-location\" ><\/i><span>Finden Sie Ihren H\u00e4ndler<\/span><\/a><\/div><style type=\"text\/css\" >#b_jby9kwr4ag1gb8p805xv i {color:#ffffff;}#b_jby9kwr4ag1gb8p805xv a:hover i{color:#ffffff;}<\/style><style type='text\/css'> @font-face{font-family: 'oi'; src:url('https:\/\/www.veenhuis.com\/wp-content\/themes\/thefox\/includes\/4k-icons\/icons\/4k-icons-pack04\/icons\/fonts\/oi.eot'); src:url('https:\/\/www.veenhuis.com\/wp-content\/themes\/thefox\/includes\/4k-icons\/icons\/4k-icons-pack04\/icons\/fonts\/oi.eot?#iefix') format('embedded-opentype'), url('https:\/\/www.veenhuis.com\/wp-content\/themes\/thefox\/includes\/4k-icons\/icons\/4k-icons-pack04\/icons\/fonts\/oi.woff') format('woff'), url('https:\/\/www.veenhuis.com\/wp-content\/themes\/thefox\/includes\/4k-icons\/icons\/4k-icons-pack04\/icons\/fonts\/oi.ttf') format('truetype'), url('https:\/\/www.veenhuis.com\/wp-content\/themes\/thefox\/includes\/4k-icons\/icons\/4k-icons-pack04\/icons\/fonts\/oi.svg#oi') format('svg'); font-weight: normal; font-style: normal;}#b_jby9kwr4ag1gb8p805xv .oi-designmodo-location:before{font-family: 'oi'; font-weight: normal; font-style: normal;}#b_jby9kwr4ag1gb8p805xv .oi-designmodo-location:before{content: \"\\e009\";}<\/style>\n[\/vc_column][vc_column width=&#8220;1\/3&#8243;][\/vc_column][\/vc_row]<\/p>\n<\/div>","protected":false},"excerpt":{"rendered":"<p>[vc_row type=&#8220;full-width-section&#8220; css=&#8220;.vc_custom_1481019376901{margin-bottom: 0px !important;padding-top: 50px !important;padding-bottom: 35px !important;}&#8220;][vc_column][vc_custom_heading text=&#8220;Veenhuis Zandkipper&#8220; font_container=&#8220;tag:h1|font_size:26|text_align:left|color:%233b4559&#8243; use_theme_fonts=&#8220;yes&#8220;][\/vc_column][\/vc_row][vc_row][vc_column][vc_column_text css=&#8220;&#8220; font_size=&#8220;18&#8243; line_height=&#8220;30&#8243;]Die Veenhuis Arena: die Kraft der Einfachheit Der Veenhuis Arena ist f\u00fcr die anspruchsvollsten Bedingungen gebaut. Ob es sich um gro\u00dfe Mengen Sand, Kies oder andere Materialien handelt, der Veenhuis Arena bietet eine hohe Ladekapazit\u00e4t und Effizienz. Entdecken Sie die<br \/><a href=\"https:\/\/www.veenhuis.com\/de\/produkte\/gulle-verarbeiten\/schlauchzufuhrsysteme\/\" class=\"more\">Read more<\/a><\/p>\n","protected":false},"author":1,"featured_media":0,"parent":2616,"menu_order":0,"comment_status":"closed","ping_status":"closed","template":"","meta":{"_exactmetrics_skip_tracking":false,"_exactmetrics_sitenote_active":false,"_exactmetrics_sitenote_note":"","_exactmetrics_sitenote_category":0,"footnotes":""},"class_list":["post-2626","page","type-page","status-publish","hentry"],"_links":{"self":[{"href":"https:\/\/www.veenhuis.com\/de\/wp-json\/wp\/v2\/pages\/2626","targetHints":{"allow":["GET"]}}],"collection":[{"href":"https:\/\/www.veenhuis.com\/de\/wp-json\/wp\/v2\/pages"}],"about":[{"href":"https:\/\/www.veenhuis.com\/de\/wp-json\/wp\/v2\/types\/page"}],"author":[{"embeddable":true,"href":"https:\/\/www.veenhuis.com\/de\/wp-json\/wp\/v2\/users\/1"}],"replies":[{"embeddable":true,"href":"https:\/\/www.veenhuis.com\/de\/wp-json\/wp\/v2\/comments?post=2626"}],"version-history":[{"count":33,"href":"https:\/\/www.veenhuis.com\/de\/wp-json\/wp\/v2\/pages\/2626\/revisions"}],"predecessor-version":[{"id":14888,"href":"https:\/\/www.veenhuis.com\/de\/wp-json\/wp\/v2\/pages\/2626\/revisions\/14888"}],"up":[{"embeddable":true,"href":"https:\/\/www.veenhuis.com\/de\/wp-json\/wp\/v2\/pages\/2616"}],"wp:attachment":[{"href":"https:\/\/www.veenhuis.com\/de\/wp-json\/wp\/v2\/media?parent=2626"}],"curies":[{"name":"wp","href":"https:\/\/api.w.org\/{rel}","templated":true}]}}