{"id":2619,"date":"2017-08-02T16:29:08","date_gmt":"2017-08-02T14:29:08","guid":{"rendered":"http:\/\/test4remarkable.nl\/produkte\/gulle-verarbeiten\/mischgullemixer\/"},"modified":"2024-10-18T16:03:15","modified_gmt":"2024-10-18T14:03:15","slug":"mischgullemixer","status":"publish","type":"page","link":"https:\/\/www.veenhuis.com\/de\/produkte\/gulle-verarbeiten\/mischgullemixer\/","title":{"rendered":"<strong>Veenhuis<\/strong> Ventura"},"content":{"rendered":"<div class=\"wpb-content-wrapper\"><p>[vc_row type=&#8220;full-width-section&#8220; css=&#8220;.vc_custom_1481019376901{margin-bottom: 0px !important;padding-top: 50px !important;padding-bottom: 35px !important;}&#8220;][vc_column][vc_custom_heading text=&#8220;<strong>Veenhuis<\/strong> Landwirtschaftskipper&#8220; font_container=&#8220;tag:h1|font_size:26|text_align:left|color:%233b4559&#8243; use_theme_fonts=&#8220;yes&#8220;][\/vc_column][\/vc_row][vc_row][vc_column][vc_column_text css=&#8220;&#8220; font_size=&#8220;18&#8243; line_height=&#8220;30&#8243;]<strong>De Veenhuis Ventura: optimaal laadvermogen, minimale insporing<\/strong><\/p>\n<div class=\"x11i5rnm xat24cr x1mh8g0r x1vvkbs xtlvy1s x126k92a\">\n<div dir=\"auto\">\n<p>Maak kennis met de nieuwe Veenhuis Landbouwkipper: de Veenhuis Ventura. Gebouwd voor de toekomst en gemaakt voor het zware werk. De duurzame en slimme constructie, in combinatie met de robuustheid zorgen voor de lange levensduur en de brede inzetbaarheid.<\/p>\n<\/div>\n<\/div>\n<div class=\"x11i5rnm xat24cr x1mh8g0r x1vvkbs xtlvy1s x126k92a\">\n<div dir=\"auto\">\n<p>\ud835\ude0b\ud835\ude26 \ud835\ude1d\ud835\ude26\ud835\ude26\ud835\ude2f\ud835\ude29\ud835\ude36\ud835\ude2a\ud835\ude34 \ud835\ude1d\ud835\ude26\ud835\ude2f\ud835\ude35\ud835\ude36\ud835\ude33\ud835\ude22 \ud835\ude28\ud835\ude26\ud835\ude34\ud835\ude24\ud835\ude29\ud835\ude2a\ud835\ude2c\ud835\ude35 \ud835\ude37\ud835\ude30\ud835\ude30\ud835\ude33 \ud835\ude26\ud835\ude2d\ud835\ude2c\ud835\ude26 \ud835\ude2c\ud835\ude2d\ud835\ude36\ud835\ude34, \ud835\ude2a\ud835\ude2f \ud835\ude22\ud835\ude2d\ud835\ude2d\ud835\ude26 \ud835\ude30\ud835\ude2e\ud835\ude34\ud835\ude35\ud835\ude22\ud835\ude2f\ud835\ude25\ud835\ude2a\ud835\ude28\ud835\ude29\ud835\ude26\ud835\ude25\ud835\ude26\ud835\ude2f.<\/p>\n<\/div>\n<\/div>\n<p>[\/vc_column_text][\/vc_column][\/vc_row][vc_row][vc_column width=&#8220;1\/2&#8243;][vc_single_image image=&#8220;14844&#8243; css=&#8220;&#8220;][\/vc_column][vc_column width=&#8220;1\/2&#8243;][vc_single_image image=&#8220;14856&#8243; css=&#8220;&#8220;][\/vc_column][\/vc_row][vc_row][vc_column][vc_column_text css=&#8220;&#8220;]Of je nu agrari\u00ebr, loonwerker of uit een andere branche komt, de landbouwkipper is een onmisbaar hulpmiddel voor het vervoer van bulkgoederen op het platteland.<\/p>\n<p>Dankzij geavanceerde kiptechnologie kan de Landbouwkipper snel en nauwkeurig lossen, waardoor de machine snel en effici\u00ebnt werken mogelijk maakt.<\/p>\n<p><strong>Eigenschappen <\/strong><\/p>\n<ul>\n<li>Grote capaciteit en bakvolume<\/li>\n<li>Unieke lage trekkracht<\/li>\n<li>Robuuste opbouw<\/li>\n<li>Modulair opbouwbaar<\/li>\n<li>Lage onderhoudsbehoefte<\/li>\n<li>Excentrisch tandem<\/li>\n<li>Hoge torsiestijfheid<\/li>\n<li><\/li>\n<\/ul>\n<p>De Veenhuis Ventura, een betrouwbare partner in landbouwvervoer.[\/vc_column_text][\/vc_column][\/vc_row][vc_row][vc_column width=&#8220;1\/2&#8243;][vc_single_image image=&#8220;14547&#8243;][\/vc_column][vc_column width=&#8220;1\/2&#8243;][vc_single_image image=&#8220;14543&#8243;][\/vc_column][\/vc_row][vc_row][vc_column][vc_column_text]Ben\u00f6tigen Sie weitere Informationen? Kontaktieren Sie unser Verkaufspersonal oder einen H\u00e4ndler in Ihrer N\u00e4he.[\/vc_column_text][\/vc_column][\/vc_row][vc_row][vc_column width=&#8220;1\/3&#8243;]<style type=\"text\/css\" >#b_ml3883ahldfq40ii4c7m a{color:#ffffff; background:#3b4559; margin-top:0px; margin-bottom:0px;  margin-left:0px; margin-right:0px; font-weight:900; border-radius:10px;}#b_ml3883ahldfq40ii4c7m a:hover{color:#ffffff ; background:#5e5e5d ;}<\/style><div class=\"ta_left tf_btn_pos\" id=\"b_ml3883ahldfq40ii4c7m\" ><a class=\"rd_normal_bt medium_rd_bt  \" href=\"https:\/\/veenhuis.com\/de\/kontakt\/\" target=\"\" rel=\"noopener\">Kontaktieren Sie uns<\/a><\/div>[\/vc_column][vc_column width=&#8220;1\/3&#8243;]<style type=\"text\/css\" >#b_28s8lzgcpr7qdm88de25 a{color:#ffffff; background:#3b4559; margin-top:0px; margin-bottom:0px;  margin-left:0px; margin-right:0px; font-weight:900; border-radius:10px;}#b_28s8lzgcpr7qdm88de25 a:hover{color:#ffffff ; background:#5e5e5d ;}<\/style><div class=\"ta_left tf_btn_pos\" id=\"b_28s8lzgcpr7qdm88de25\" ><a class=\"rd_normal_bt medium_rd_bt bt_icon_left   \" href=\"https:\/\/veenhuis.com\/de\/handler\/\" target=\"\" rel=\"noopener\"><i class=\"oi-designmodo-location\" ><\/i><span><\/p>\n<p>Finden Sie Ihren H\u00e4ndler<\/p>\n<p><\/span><\/a><\/div><style type=\"text\/css\" >#b_28s8lzgcpr7qdm88de25 i {color:#ffffff;}#b_28s8lzgcpr7qdm88de25 a:hover i{color:#ffffff;}<\/style><style type='text\/css'> @font-face{font-family: 'oi'; src:url('https:\/\/www.veenhuis.com\/wp-content\/themes\/thefox\/includes\/4k-icons\/icons\/4k-icons-pack04\/icons\/fonts\/oi.eot'); src:url('https:\/\/www.veenhuis.com\/wp-content\/themes\/thefox\/includes\/4k-icons\/icons\/4k-icons-pack04\/icons\/fonts\/oi.eot?#iefix') format('embedded-opentype'), url('https:\/\/www.veenhuis.com\/wp-content\/themes\/thefox\/includes\/4k-icons\/icons\/4k-icons-pack04\/icons\/fonts\/oi.woff') format('woff'), url('https:\/\/www.veenhuis.com\/wp-content\/themes\/thefox\/includes\/4k-icons\/icons\/4k-icons-pack04\/icons\/fonts\/oi.ttf') format('truetype'), url('https:\/\/www.veenhuis.com\/wp-content\/themes\/thefox\/includes\/4k-icons\/icons\/4k-icons-pack04\/icons\/fonts\/oi.svg#oi') format('svg'); font-weight: normal; font-style: normal;}#b_28s8lzgcpr7qdm88de25 .oi-designmodo-location:before{font-family: 'oi'; font-weight: normal; font-style: normal;}#b_28s8lzgcpr7qdm88de25 .oi-designmodo-location:before{content: \"\\e009\";}<\/style>\n[\/vc_column][vc_column width=&#8220;1\/3&#8243;][\/vc_column][\/vc_row]<\/p>\n<\/div>","protected":false},"excerpt":{"rendered":"<p>[vc_row type=&#8220;full-width-section&#8220; css=&#8220;.vc_custom_1481019376901{margin-bottom: 0px !important;padding-top: 50px !important;padding-bottom: 35px !important;}&#8220;][vc_column][vc_custom_heading text=&#8220;Veenhuis Landwirtschaftskipper&#8220; font_container=&#8220;tag:h1|font_size:26|text_align:left|color:%233b4559&#8243; use_theme_fonts=&#8220;yes&#8220;][\/vc_column][\/vc_row][vc_row][vc_column][vc_column_text css=&#8220;&#8220; font_size=&#8220;18&#8243; line_height=&#8220;30&#8243;]De Veenhuis Ventura: optimaal laadvermogen, minimale insporing Maak kennis met de nieuwe Veenhuis Landbouwkipper: de Veenhuis Ventura. Gebouwd voor de toekomst en gemaakt voor het zware werk. De duurzame en slimme constructie, in combinatie met de robuustheid zorgen voor de<br \/><a href=\"https:\/\/www.veenhuis.com\/de\/produkte\/gulle-verarbeiten\/mischgullemixer\/\" class=\"more\">Read more<\/a><\/p>\n","protected":false},"author":1,"featured_media":0,"parent":2616,"menu_order":0,"comment_status":"closed","ping_status":"closed","template":"","meta":{"_exactmetrics_skip_tracking":false,"_exactmetrics_sitenote_active":false,"_exactmetrics_sitenote_note":"","_exactmetrics_sitenote_category":0,"footnotes":""},"class_list":["post-2619","page","type-page","status-publish","hentry"],"_links":{"self":[{"href":"https:\/\/www.veenhuis.com\/de\/wp-json\/wp\/v2\/pages\/2619","targetHints":{"allow":["GET"]}}],"collection":[{"href":"https:\/\/www.veenhuis.com\/de\/wp-json\/wp\/v2\/pages"}],"about":[{"href":"https:\/\/www.veenhuis.com\/de\/wp-json\/wp\/v2\/types\/page"}],"author":[{"embeddable":true,"href":"https:\/\/www.veenhuis.com\/de\/wp-json\/wp\/v2\/users\/1"}],"replies":[{"embeddable":true,"href":"https:\/\/www.veenhuis.com\/de\/wp-json\/wp\/v2\/comments?post=2619"}],"version-history":[{"count":25,"href":"https:\/\/www.veenhuis.com\/de\/wp-json\/wp\/v2\/pages\/2619\/revisions"}],"predecessor-version":[{"id":14909,"href":"https:\/\/www.veenhuis.com\/de\/wp-json\/wp\/v2\/pages\/2619\/revisions\/14909"}],"up":[{"embeddable":true,"href":"https:\/\/www.veenhuis.com\/de\/wp-json\/wp\/v2\/pages\/2616"}],"wp:attachment":[{"href":"https:\/\/www.veenhuis.com\/de\/wp-json\/wp\/v2\/media?parent=2619"}],"curies":[{"name":"wp","href":"https:\/\/api.w.org\/{rel}","templated":true}]}}