{"id":2428,"date":"2017-07-26T13:14:32","date_gmt":"2017-07-26T11:14:32","guid":{"rendered":"http:\/\/test4remarkable.nl\/unternehmen\/freie-stellen-und-praktikumsplatze\/"},"modified":"2022-04-08T15:13:53","modified_gmt":"2022-04-08T13:13:53","slug":"freie-stellen-und-praktikumsplatze","status":"publish","type":"page","link":"https:\/\/www.veenhuis.com\/de\/unternehmen\/freie-stellen-und-praktikumsplatze\/","title":{"rendered":"Freie Stellen und Praktikumspl\u00e4tze"},"content":{"rendered":"<div class=\"wpb-content-wrapper\"><p>[vc_row type=&#8220;full-width-section&#8220; css=&#8220;.vc_custom_1481019376901{margin-bottom: 0px !important;padding-top: 50px !important;padding-bottom: 35px !important;}&#8220;][vc_column width=&#8220;2\/3&#8243; css=&#8220;.vc_custom_1482312107977{margin-top: 0px !important;margin-right: 0px !important;margin-bottom: 0px !important;margin-left: 0px !important;border-top-width: 0px !important;border-right-width: 0px !important;border-bottom-width: 0px !important;border-left-width: 0px !important;padding-top: 0px !important;padding-right: 0px !important;padding-bottom: 0px !important;padding-left: 0px !important;}&#8220;][vc_custom_heading text=&#8220;Freie Stellen und Praktikumspl\u00e4tze im technischen Bereich&#8220; font_container=&#8220;tag:h1|text_align:left|color:%233b4559&#8243; use_theme_fonts=&#8220;yes&#8220;][vc_column_text font_size=&#8220;18&#8243; line_height=&#8220;30&#8243;]Veenhuis Machines B.V. entwickelt und fertigt innovative Landmaschinen f\u00fcr G\u00fclletechnik. Hierzu geh\u00f6ren z. B. ein Injektor, ein G\u00fcllefass, ein G\u00fcllehaspelsystem, ein Hakenarmsystem und ein G\u00fcllemixer. Bei Veenhuis zu arbeiten, bedeutet, dass Sie t\u00e4glich mit dem Agrarsektor zu tun haben. Eine gewisse Affinit\u00e4t mit dieser Branche ist deshalb vorteilhaft.<\/p>\n<p>Veenhuis Machines ist ein innovatives Unternehmen, das seinen Mitarbeitern viele M\u00f6glichkeiten f\u00fcr Eigeninitiative und pers\u00f6nliche Entwicklung bietet. Daneben stellt Veenhuis sehr gute sekund\u00e4re Arbeitsbedingungen bereit.<br \/>\nEs ist auch m\u00f6glich, bei Veenhuis ein Praktikum zu machen. Als anerkannter Ausbildungsbetrieb bieten wir Praktikanten gerne die M\u00f6glichkeit, das Fach mithilfe von Fachleuten zu erlernen.[\/vc_column_text][\/vc_column][vc_column width=&#8220;1\/3&#8243; css=&#8220;.vc_custom_1481182309082{margin-top: 95px !important;padding-top: 5% !important;padding-right: 5% !important;padding-bottom: 5% !important;padding-left: 5% !important;background-color: #f7f7f7 !important;}&#8220;][vc_widget_sidebar sidebar_id=&#8220;thefox_contactde&#8220;][\/vc_column][\/vc_row][vc_row type=&#8220;full-width-section&#8220; css=&#8220;.vc_custom_1643894010687{margin-top: 0px !important;margin-bottom: 0px !important;padding-top: 50px !important;padding-bottom: 25px !important;background-color: #3b4559 !important;}&#8220;][vc_column width=&#8220;1\/3&#8243;][vc_custom_heading text=&#8220;Folgen Sie Veenhuis auf&#8220; font_container=&#8220;tag:h2|font_size:16|text_align:left|color:%23ffffff&#8220; use_theme_fonts=&#8220;yes&#8220;][vc_row_inner css=&#8220;.vc_custom_1480520858985{margin-top: 0px !important;}&#8220;][vc_column_inner width=&#8220;1\/4&#8243; css=&#8220;.vc_custom_1482150802544{margin-bottom: 10px !important;}&#8220;][vc_single_image image=&#8220;6597&#8243; img_size=&#8220;full&#8220; alignment=&#8220;center&#8220; onclick=&#8220;custom_link&#8220; img_link_target=&#8220;_blank&#8220; link=&#8220;https:\/\/www.facebook.com\/VeenhuisMachines\/?fref=ts&#8220;][\/vc_column_inner][vc_column_inner width=&#8220;1\/4&#8243; css=&#8220;.vc_custom_1482150808157{margin-bottom: 10px !important;}&#8220;][vc_single_image image=&#8220;6601&#8243; img_size=&#8220;full&#8220; alignment=&#8220;center&#8220; onclick=&#8220;custom_link&#8220; img_link_target=&#8220;_blank&#8220; link=&#8220;https:\/\/www.youtube.com\/user\/VMRVeenhuis&#8220;][\/vc_column_inner][vc_column_inner width=&#8220;1\/4&#8243; css=&#8220;.vc_custom_1482150814525{margin-bottom: 10px !important;}&#8220;][vc_single_image image=&#8220;6605&#8243; img_size=&#8220;full&#8220; alignment=&#8220;center&#8220; onclick=&#8220;custom_link&#8220; img_link_target=&#8220;_blank&#8220; link=&#8220;https:\/\/www.linkedin.com\/company\/6968519?trk=vsrp_companies_cluster_name&amp;trkInfo=VSRPsearchId%3A721065911480514740882%2CVSRPtargetId%3A6968519%2CVSRPcmpt%3Acompanies_cluster&#8220;][\/vc_column_inner][vc_column_inner width=&#8220;1\/4&#8243;][\/vc_column_inner][\/vc_row_inner][\/vc_column][vc_column width=&#8220;1\/3&#8243;][\/vc_column][vc_column width=&#8220;1\/3&#8243;][vc_single_image image=&#8220;12850&#8243; img_size=&#8220;full&#8220; alignment=&#8220;right&#8220; animation=&#8220;rda_fadeInDown&#8220; css=&#8220;.vc_custom_1643894125796{margin-bottom: 10px !important;}&#8220;][vc_custom_heading text=&#8220;Master your Manure&#8220; font_container=&#8220;tag:h2|font_size:32|text_align:center|color:%23ffffff&#8220; google_fonts=&#8220;font_family:Exo%3A100%2C100italic%2C200%2C200italic%2C300%2C300italic%2Cregular%2Citalic%2C500%2C500italic%2C600%2C600italic%2C700%2C700italic%2C800%2C800italic%2C900%2C900italic|font_style:300%20light%20regular%3A300%3Anormal&#8220;][\/vc_column][\/vc_row]<\/p>\n<\/div>","protected":false},"excerpt":{"rendered":"<p>[vc_row type=&#8220;full-width-section&#8220; css=&#8220;.vc_custom_1481019376901{margin-bottom: 0px !important;padding-top: 50px !important;padding-bottom: 35px !important;}&#8220;][vc_column width=&#8220;2\/3&#8243; css=&#8220;.vc_custom_1482312107977{margin-top: 0px !important;margin-right: 0px !important;margin-bottom: 0px !important;margin-left: 0px !important;border-top-width: 0px !important;border-right-width: 0px !important;border-bottom-width: 0px !important;border-left-width: 0px !important;padding-top: 0px !important;padding-right: 0px !important;padding-bottom: 0px !important;padding-left: 0px !important;}&#8220;][vc_custom_heading text=&#8220;Freie Stellen und Praktikumspl\u00e4tze im technischen Bereich&#8220; font_container=&#8220;tag:h1|text_align:left|color:%233b4559&#8243; use_theme_fonts=&#8220;yes&#8220;][vc_column_text font_size=&#8220;18&#8243; line_height=&#8220;30&#8243;]Veenhuis Machines B.V. entwickelt und fertigt innovative Landmaschinen f\u00fcr G\u00fclletechnik.<br \/><a href=\"https:\/\/www.veenhuis.com\/de\/unternehmen\/freie-stellen-und-praktikumsplatze\/\" class=\"more\">Read more<\/a><\/p>\n","protected":false},"author":1,"featured_media":0,"parent":2313,"menu_order":0,"comment_status":"closed","ping_status":"closed","template":"","meta":{"_exactmetrics_skip_tracking":false,"_exactmetrics_sitenote_active":false,"_exactmetrics_sitenote_note":"","_exactmetrics_sitenote_category":0,"footnotes":""},"class_list":["post-2428","page","type-page","status-publish","hentry"],"_links":{"self":[{"href":"https:\/\/www.veenhuis.com\/de\/wp-json\/wp\/v2\/pages\/2428","targetHints":{"allow":["GET"]}}],"collection":[{"href":"https:\/\/www.veenhuis.com\/de\/wp-json\/wp\/v2\/pages"}],"about":[{"href":"https:\/\/www.veenhuis.com\/de\/wp-json\/wp\/v2\/types\/page"}],"author":[{"embeddable":true,"href":"https:\/\/www.veenhuis.com\/de\/wp-json\/wp\/v2\/users\/1"}],"replies":[{"embeddable":true,"href":"https:\/\/www.veenhuis.com\/de\/wp-json\/wp\/v2\/comments?post=2428"}],"version-history":[{"count":15,"href":"https:\/\/www.veenhuis.com\/de\/wp-json\/wp\/v2\/pages\/2428\/revisions"}],"predecessor-version":[{"id":13476,"href":"https:\/\/www.veenhuis.com\/de\/wp-json\/wp\/v2\/pages\/2428\/revisions\/13476"}],"up":[{"embeddable":true,"href":"https:\/\/www.veenhuis.com\/de\/wp-json\/wp\/v2\/pages\/2313"}],"wp:attachment":[{"href":"https:\/\/www.veenhuis.com\/de\/wp-json\/wp\/v2\/media?parent=2428"}],"curies":[{"name":"wp","href":"https:\/\/api.w.org\/{rel}","templated":true}]}}